{"id":4094,"date":"2017-04-11T08:54:44","date_gmt":"2017-04-11T06:54:44","guid":{"rendered":"https:\/\/mixtape.qodeinteractive.com\/?page_id=4094"},"modified":"2025-03-12T11:00:14","modified_gmt":"2025-03-12T10:00:14","slug":"about-me-3","status":"publish","type":"page","link":"https:\/\/johanka.de\/?page_id=4094","title":{"rendered":"\u00dcber mich (Jo aktiv)"},"content":{"rendered":"<p>[vc_row][vc_column][vc_empty_space height=&#8220;80px&#8220;][vc_column_text]<br \/><!-- \/wp:post-content --><\/p>\r\n<p><!-- wp:paragraph -->[\/vc_column_text][\/vc_column][\/vc_row][vc_row][vc_column width=&#8220;1\/2&#8243;][vc_empty_space][vc_single_image image=&#8220;8709&#8243; img_size=&#8220;full&#8220;][\/vc_column][vc_column width=&#8220;1\/2&#8243;][vc_empty_space height=&#8220;120&#8243;][vc_column_text]<\/p>\r\n<div class=\"wpb_vc_column_text wpb_content_element wpb_sortable\" data-element_type=\"vc_column_text\" data-model-id=\"1caa581d-81f5\">\r\n<div class=\"wpb_element_wrapper clearfix\">\r\n<div class=\"wpb_vc_param_value content textarea_html \">\r\n<h4><span style=\"color: #999999;\"><em>Warum Sprecherin?<\/em><\/span><\/h4>\r\n<\/div>\r\n<\/div>\r\n<\/div>\r\n<p>[\/vc_column_text][vc_empty_space height=&#8220;5&#8243;][vc_text_separator title=&#8220;&#8220;][vc_empty_space height=&#8220;25&#8243;][vc_column_text]<\/p>\r\n<div class=\"wpb_vc_column_text wpb_content_element wpb_sortable\" data-element_type=\"vc_column_text\" data-model-id=\"1caa581d-81f5\">\r\n<div class=\"wpb_element_wrapper clearfix\">\r\n<div class=\"wpb_vc_param_value content textarea_html \">\r\n<h2><span style=\"color: #808080;\">Eine Welt voller Geschichten<\/span><\/h2>\r\n<p>&nbsp;<\/p>\r\n<\/div>\r\n<\/div>\r\n<\/div>\r\n<p>[\/vc_column_text][vc_column_text]<\/p>\r\n<div class=\"wpb_vc_column_text wpb_content_element wpb_sortable\" data-element_type=\"vc_column_text\" data-model-id=\"1caa581d-81f5\">\r\n<div class=\"wpb_element_wrapper clearfix\">\r\n<div class=\"wpb_vc_param_value content textarea_html \">\r\n<p><span style=\"color: #808080;\">Ich liebe Geschichten. B\u00fccher, H\u00f6rspiele, Filme. Absolut egal. Schon als kleines Kind habe ich abends auf der Gute-Nacht-Geschichte bestanden. Als ich endlich selber lesen konnte, wurde heimlich unter der Bettdecke bis tief in die Nacht\u00a0 gelesen und ich habe \u00fcber einem Buch mehr als einmal meine Haltestelle verpasst.<\/span><\/p>\r\n<p><span style=\"color: #808080;\">Ich liebe es auf der B\u00fchne zu stehen. In Rollen zu schl\u00fcpfen, das Publikum in andere Welten zu entf\u00fchren und dabei Augen zum Leuchten zu bringen.<\/span><\/p>\r\n<p><span style=\"color: #808080;\">Sarkastisch, emotional, liebevoll oder ernst. Jeder Text hat seine eigene Melodie. Als Sprecherin erwecke ich die Worte zum Leben.<\/span><\/p>\r\n<p>&nbsp;<\/p>\r\n<\/div>\r\n<\/div>\r\n<\/div>\r\n<p>[\/vc_column_text][vc_text_separator title=&#8220;&#8220;][vc_column_text]<\/p>\r\n<p><!-- wp:paragraph \/-->[\/vc_column_text][vc_column_text]<\/p>\r\n<div class=\"wpb_vc_column_text wpb_content_element wpb_sortable\" data-element_type=\"vc_column_text\" data-model-id=\"1caa581d-81f5\">\r\n<div class=\"wpb_element_wrapper clearfix\">\r\n<div class=\"wpb_vc_param_value content textarea_html \">\r\n<p><span style=\"color: #808080;\"><strong><br \/>Erfahrung:<br \/><\/strong>\u00fcber 10 Jahre Schauspiel, 2 Jahre Improtheater, H\u00f6rspiele, Lesungen, Nachrichten und Reportagen<\/span><\/p>\r\n<p><span style=\"color: #808080;\">Sprecherseminare bei Hans-Peter Stoll, Dagmar Bittner, Harald Jokesch, Tanja Lipinski und Andreas Schnell<\/span><\/p>\r\n<\/div>\r\n<p>&nbsp;<\/p>\r\n<\/div>\r\n<\/div>\r\n<p>[\/vc_column_text][\/vc_column][\/vc_row][vc_row][vc_column][vc_text_separator title=&#8220;&#8220;][\/vc_column][\/vc_row][vc_row][vc_column][\/vc_column][\/vc_row][vc_row][vc_column width=&#8220;1\/4&#8243;]<div class=\"qodef-icon-list-item\">\n    <div class=\"qodef-icon-list-icon-holder\" style=\"padding-right:12px\">\n        <div class=\"qodef-icon-list-icon-holder-inner clearfix\">\n\t\t\t<i class=\"qodef-icon-dripicons dripicon dripicon-phone \" style=\"color:#000000;font-size:21px\"><\/i>        <\/div>\n    <\/div>\n    <p class=\"qodef-icon-list-text\" style=\"color:#8a8a8a;font-size:15px\" > +49 151 15839857<\/p>\n<\/div>[\/vc_column][vc_column width=&#8220;1\/6&#8243;]<div class=\"qodef-icon-list-item\">\n    <div class=\"qodef-icon-list-icon-holder\" style=\"padding-right:12px\">\n        <div class=\"qodef-icon-list-icon-holder-inner clearfix\">\n\t\t\t<i class=\"qodef-icon-dripicons dripicon dripicon-mail \" style=\"color:#000000;font-size:21px\"><\/i>        <\/div>\n    <\/div>\n    <p class=\"qodef-icon-list-text\" style=\"color:#8a8a8a;font-size:15px\" > info@johanka.de<\/p>\n<\/div>[\/vc_column][vc_column width=&#8220;1\/6&#8243;][\/vc_column][vc_column width=&#8220;1\/6&#8243;][\/vc_column][vc_column width=&#8220;1\/6&#8243;][\/vc_column][vc_column width=&#8220;1\/6&#8243;][\/vc_column][\/vc_row][vc_row][vc_column][vc_empty_space height=&#8220;32&#8243;][\/vc_column][\/vc_row]<\/p>","protected":false},"excerpt":{"rendered":"<p>[vc_row][vc_column][vc_empty_space height=&#8220;80px&#8220;][vc_column_text] [\/vc_column_text][\/vc_column][\/vc_row][vc_row][vc_column width=&#8220;1\/2&#8243;][vc_empty_space][vc_single_image image=&#8220;8709&#8243; img_size=&#8220;full&#8220;][\/vc_column][vc_column width=&#8220;1\/2&#8243;][vc_empty_space height=&#8220;120&#8243;][vc_column_text] Warum Sprecherin? [\/vc_column_text][vc_empty_space height=&#8220;5&#8243;][vc_text_separator title=&#8220;&#8220;][vc_empty_space height=&#8220;25&#8243;][vc_column_text] Eine Welt voller Geschichten &nbsp; [\/vc_column_text][vc_column_text] Ich liebe Geschichten. B\u00fccher, H\u00f6rspiele, Filme. Absolut egal. Schon als kleines Kind habe ich abends auf der Gute-Nacht-Geschichte bestanden. Als ich endlich selber lesen konnte,&#8230;<\/p>\n","protected":false},"author":1,"featured_media":0,"parent":0,"menu_order":0,"comment_status":"closed","ping_status":"closed","template":"","meta":{"footnotes":""},"class_list":["post-4094","page","type-page","status-publish","hentry"],"_links":{"self":[{"href":"https:\/\/johanka.de\/index.php?rest_route=\/wp\/v2\/pages\/4094","targetHints":{"allow":["GET"]}}],"collection":[{"href":"https:\/\/johanka.de\/index.php?rest_route=\/wp\/v2\/pages"}],"about":[{"href":"https:\/\/johanka.de\/index.php?rest_route=\/wp\/v2\/types\/page"}],"author":[{"embeddable":true,"href":"https:\/\/johanka.de\/index.php?rest_route=\/wp\/v2\/users\/1"}],"replies":[{"embeddable":true,"href":"https:\/\/johanka.de\/index.php?rest_route=%2Fwp%2Fv2%2Fcomments&post=4094"}],"version-history":[{"count":26,"href":"https:\/\/johanka.de\/index.php?rest_route=\/wp\/v2\/pages\/4094\/revisions"}],"predecessor-version":[{"id":9107,"href":"https:\/\/johanka.de\/index.php?rest_route=\/wp\/v2\/pages\/4094\/revisions\/9107"}],"wp:attachment":[{"href":"https:\/\/johanka.de\/index.php?rest_route=%2Fwp%2Fv2%2Fmedia&parent=4094"}],"curies":[{"name":"wp","href":"https:\/\/api.w.org\/{rel}","templated":true}]}}